{"id":111375,"date":"2023-03-03T12:14:04","date_gmt":"2023-03-03T18:14:04","guid":{"rendered":"https:\/\/leon-mexico.com\/?page_id=111375"},"modified":"2025-02-06T15:11:30","modified_gmt":"2025-02-06T21:11:30","slug":"mercados-guia","status":"publish","type":"page","link":"https:\/\/leon-mexico.com\/en\/mercados-guia\/","title":{"rendered":"Mercados Guia"},"content":{"rendered":"<div class=\"wpb-content-wrapper\"><div data-parent=\"true\" class=\"vc_row has-bg need-focus style-color-uydo-bg row-container\" id=\"row-unique-0\"><div class=\"row-background background-element\">\n\t\t\t\t\t\t\t\t\t\t\t<div class=\"background-wrapper\">\n\t\t\t\t\t\t\t\t\t\t\t\t<div class=\"background-inner\" style=\"background-image: url(https:\/\/leon-mexico.com\/wp-content\/uploads\/2022\/12\/home-bannerGuia-bgPatron2.png);background-repeat: repeat;background-position: left top;background-attachment: scroll;background-size: auto;\"><\/div>\n\t\t\t\t\t\t\t\t\t\t\t\t<div class=\"block-bg-overlay style-overlay_color-163968-bg\" style=\"opacity: 1;\"><\/div>\n\t\t\t\t\t\t\t\t\t\t\t<\/div>\n\t\t\t\t\t\t\t\t\t\t<\/div><div class=\"row col-no-gutter triple-top-padding no-bottom-padding single-h-padding limit-width row-parent\"><div class=\"wpb_row row-inner\"><div class=\"wpb_column pos-top pos-center align_center column_parent col-lg-12 single-internal-gutter\"><div class=\"uncol style-light\"  ><div class=\"uncoltable\"><div class=\"uncell double-block-padding style-color-xsdn-bg has-bg unshadow-std\" ><div class=\"uncont\" ><div class=\"vc_custom_heading_wrap\"><div class=\"heading-text el-text\" ><h3 class=\"font-618713 h3 font-weight-900 text-color-105242-color text-uppercase\" ><span>GU\u00cdA DE MERCADOS EN LE\u00d3N<\/span><\/h3><div class=\"text-top-reduced\"><p>Marav\u00edllate con la variedad de productos y servicios que podr\u00e1s encontrar en nuestros mercados.<\/p>\n<\/div><\/div><div class=\"clear\"><\/div><\/div>\n\t<div class=\"wpb_raw_code wpb_raw_html\" >\n\t\t<div class=\"wpb_wrapper\">\n\t\t\t<iframe allowfullscreen=\"allowfullscreen\" scrolling=\"no\" class=\"fp-iframe\" src=\"https:\/\/heyzine.com\/flip-book\/db133e1dcf.html\" style=\"border: 1px solid lightgray; width: 100%; height: 800px;\"><\/iframe>\n\t\t<\/div>\n\t<\/div>\n<\/div><\/div><\/div><\/div><\/div><script id=\"script-row-unique-0\" data-row=\"script-row-unique-0\" type=\"text\/javascript\" class=\"vc_controls\">UNCODE.initRow(document.getElementById(\"row-unique-0\"));<\/script><\/div><\/div><\/div><div data-parent=\"true\" class=\"vc_row row-container\" id=\"row-unique-1\"><div class=\"row unequal single-top-padding single-bottom-padding single-h-padding limit-width row-parent\"><div class=\"wpb_row row-inner\"><div class=\"wpb_column pos-top pos-center align_left column_parent col-lg-7 no-internal-gutter\"><div class=\"uncol style-light\"  ><div class=\"uncoltable\"><div class=\"uncell no-block-padding\" ><div class=\"uncont\" ><div class=\"icon-box icon-box-left\" ><div class=\"icon-box-icon fa-container\" ><span class=\"text-color-vyce-color btn-disable-hover\"><i class=\"fa fa-plus-circle fa-4x fa-fw\"><\/i><\/span><\/div><div class=\"icon-box-content\"><div class=\"icon-box-heading icon-box-fa-4x\"><h5 class=\"h5 font-weight-700\">Para m\u00e1s Informaci\u00f3n<\/h5><\/div><p>Visita el micro sitio oficial d\u00f3nde podr\u00e1s encontrar la informaci\u00f3n oficial de cada mercado de la ciudad.<\/p>\n<\/div><\/div><\/div><\/div><\/div><\/div><\/div><div class=\"wpb_column pos-middle pos-center align_left column_parent col-lg-5 no-internal-gutter\"><div class=\"uncol style-light\"  ><div class=\"uncoltable\"><div class=\"uncell no-block-padding\" ><div class=\"uncont\" ><span class=\"btn-container btn-block\" ><a role=\"button\"  href=\"https:\/\/linktr.ee\/mercadosleonmx\" class=\"custom-link btn btn-lg border-width-0 btn-default btn-block btn-icon-right btn-ripple-out btn-border-animated\" target=\"_blank\">Ir al Micrositio<i class=\"fa fa-external-link\"><\/i><\/a><\/span><\/div><\/div><\/div><\/div><\/div><script id=\"script-row-unique-1\" data-row=\"script-row-unique-1\" type=\"text\/javascript\" class=\"vc_controls\">UNCODE.initRow(document.getElementById(\"row-unique-1\"));<\/script><\/div><\/div><\/div>\n<\/div>","protected":false},"excerpt":{"rendered":"GU\u00cdA DE MERCADOS EN LE\u00d3NMarav\u00edllate con la variedad de productos y servicios que podr\u00e1s encontrar en nuestros mercados. Para m\u00e1s [...]","protected":false},"author":2,"featured_media":0,"parent":0,"menu_order":0,"comment_status":"closed","ping_status":"closed","template":"","meta":{"footnotes":""},"class_list":["post-111375","page","type-page","status-publish","hentry"],"_links":{"self":[{"href":"https:\/\/leon-mexico.com\/en\/wp-json\/wp\/v2\/pages\/111375","targetHints":{"allow":["GET"]}}],"collection":[{"href":"https:\/\/leon-mexico.com\/en\/wp-json\/wp\/v2\/pages"}],"about":[{"href":"https:\/\/leon-mexico.com\/en\/wp-json\/wp\/v2\/types\/page"}],"author":[{"embeddable":true,"href":"https:\/\/leon-mexico.com\/en\/wp-json\/wp\/v2\/users\/2"}],"replies":[{"embeddable":true,"href":"https:\/\/leon-mexico.com\/en\/wp-json\/wp\/v2\/comments?post=111375"}],"version-history":[{"count":0,"href":"https:\/\/leon-mexico.com\/en\/wp-json\/wp\/v2\/pages\/111375\/revisions"}],"wp:attachment":[{"href":"https:\/\/leon-mexico.com\/en\/wp-json\/wp\/v2\/media?parent=111375"}],"curies":[{"name":"wp","href":"https:\/\/api.w.org\/{rel}","templated":true}]}}